{"id":666,"date":"2017-02-15T21:20:34","date_gmt":"2017-02-15T21:20:34","guid":{"rendered":"http:\/\/anaholzer.com.br\/site\/?page_id=666"},"modified":"2019-01-21T16:04:57","modified_gmt":"2019-01-21T16:04:57","slug":"666-2","status":"publish","type":"page","link":"http:\/\/anaholzer.com.br\/site\/666-2\/","title":{"rendered":"Curso de Paisagismo M\u00d3DULO I"},"content":{"rendered":"<p><a href=\"http:\/\/anaholzer.com.br\/site\/wp-content\/uploads\/2017\/02\/Turma-m\u00f3dulo-I-1.jpg\"><img loading=\"lazy\" class=\"alignnone wp-image-787 \" src=\"http:\/\/anaholzer.com.br\/site\/wp-content\/uploads\/2017\/02\/Turma-m\u00f3dulo-I-1-300x172.jpg\" width=\"306\" height=\"175\" srcset=\"http:\/\/anaholzer.com.br\/site\/wp-content\/uploads\/2017\/02\/Turma-m\u00f3dulo-I-1-300x172.jpg 300w, http:\/\/anaholzer.com.br\/site\/wp-content\/uploads\/2017\/02\/Turma-m\u00f3dulo-I-1.jpg 328w\" sizes=\"(max-width: 306px) 100vw, 306px\" \/><\/a><a href=\"http:\/\/anaholzer.com.br\/site\/wp-content\/uploads\/2017\/02\/Projeto.jpg\"><img loading=\"lazy\" class=\"alignnone wp-image-790\" src=\"http:\/\/anaholzer.com.br\/site\/wp-content\/uploads\/2017\/02\/Projeto-300x177.jpg\" alt=\"\" width=\"297\" height=\"175\" srcset=\"http:\/\/anaholzer.com.br\/site\/wp-content\/uploads\/2017\/02\/Projeto-300x177.jpg 300w, http:\/\/anaholzer.com.br\/site\/wp-content\/uploads\/2017\/02\/Projeto-1024x605.jpg 1024w, http:\/\/anaholzer.com.br\/site\/wp-content\/uploads\/2017\/02\/Projeto.jpg 1232w\" sizes=\"(max-width: 297px) 100vw, 297px\" \/><\/a><\/p>\n<p><strong>M\u00f3dulo I<\/strong> Nesse m\u00f3dulo voc\u00ea ter\u00e1 uma introdu\u00e7\u00e3o ao paisagismo, ver\u00e1 considera\u00e7\u00f5es hist\u00f3ricas importantes para o contexto geral da paisagem. Estudar\u00e1 o uso das esp\u00e9cies em espa\u00e7os diversos. Aprender\u00e1 como analisar \u00e1reas e ter\u00e1 oportunidade de elaborar um pr\u00e9-projeto. Entender\u00e1 os benef\u00edcios e processos de montagem dos pain\u00e9is e dos telhados verdes, da composi\u00e7\u00e3o, volumetria e da harmonia.<\/p>\n<p><strong>Dura\u00e7\u00e3o do curso:<br \/>\n<\/strong>30 horas\/aula.<strong><br \/>\n<\/strong><\/p>\n<p><strong>Pr\u00f3xima turma:<br \/>\n<\/strong>De 9 \u00e0 17 de mar\u00e7o\/2019.<\/p>\n<p><strong>Local:<br \/>\n<\/strong>Rua Par\u00e1, n\u00famero 130. Blumenau\/SC. Pr\u00f3ximo ao Campus II da FURB.<\/p>\n<p><strong>Certificado:<br \/>\n<\/strong>Ap\u00f3s conclus\u00e3o de cada m\u00f3dulo, s\u00e3o emitidos certificados aos participantes que atingirem 100% de aproveitamento.<\/p>\n<p><strong>Investimento:<br \/>\n<\/strong>4 parcelas de R$ 250,00.<\/p>\n<p><strong>Observa\u00e7\u00e3o importante:<br \/>\n<\/strong>Para o fechamento das turmas \u00e9 necess\u00e1rio pelo menos 8 pessoas inscritas.<\/p>\n<p><strong>Para mais informa\u00e7\u00f5es entre em contato:\u00a0<\/strong><br \/>\ncontato@anaholzer.com.br<\/p>\n<p>(47) 3323 6223 \u00a0&#8211; \u00a0(47) 99963 2208<\/p>\n","protected":false},"excerpt":{"rendered":"<p>M\u00f3dulo I Nesse m\u00f3dulo voc\u00ea ter\u00e1 uma introdu\u00e7\u00e3o ao paisagismo, ver\u00e1 considera\u00e7\u00f5es hist\u00f3ricas importantes para o contexto geral da paisagem. Estudar\u00e1 o uso das esp\u00e9cies em espa\u00e7os diversos. Aprender\u00e1 como analisar \u00e1reas e ter\u00e1 oportunidade de elaborar um pr\u00e9-projeto. Entender\u00e1 os benef\u00edcios e processos de montagem dos pain\u00e9is e dos telhados verdes, da composi\u00e7\u00e3o, volumetria [&hellip;]<\/p>\n","protected":false},"author":1,"featured_media":0,"parent":0,"menu_order":0,"comment_status":"closed","ping_status":"closed","template":"","meta":{"_mi_skip_tracking":false},"_links":{"self":[{"href":"http:\/\/anaholzer.com.br\/site\/wp-json\/wp\/v2\/pages\/666"}],"collection":[{"href":"http:\/\/anaholzer.com.br\/site\/wp-json\/wp\/v2\/pages"}],"about":[{"href":"http:\/\/anaholzer.com.br\/site\/wp-json\/wp\/v2\/types\/page"}],"author":[{"embeddable":true,"href":"http:\/\/anaholzer.com.br\/site\/wp-json\/wp\/v2\/users\/1"}],"replies":[{"embeddable":true,"href":"http:\/\/anaholzer.com.br\/site\/wp-json\/wp\/v2\/comments?post=666"}],"version-history":[{"count":33,"href":"http:\/\/anaholzer.com.br\/site\/wp-json\/wp\/v2\/pages\/666\/revisions"}],"predecessor-version":[{"id":990,"href":"http:\/\/anaholzer.com.br\/site\/wp-json\/wp\/v2\/pages\/666\/revisions\/990"}],"wp:attachment":[{"href":"http:\/\/anaholzer.com.br\/site\/wp-json\/wp\/v2\/media?parent=666"}],"curies":[{"name":"wp","href":"https:\/\/api.w.org\/{rel}","templated":true}]}}